{"id":2,"date":"2016-03-22T22:17:30","date_gmt":"2016-03-22T22:17:30","guid":{"rendered":"http:\/\/herningharmonikaklub.dk\/?page_id=2"},"modified":"2021-10-05T13:24:59","modified_gmt":"2021-10-05T13:24:59","slug":"eksempel-side","status":"publish","type":"page","link":"https:\/\/herningharmonikaklub.dk\/","title":{"rendered":"Forside"},"content":{"rendered":"<p><img loading=\"lazy\" class=\"size-medium wp-image-11 aligncenter\" src=\"http:\/\/herningharmonikaklub.dk\/wp-content\/uploads\/2016\/04\/cropped-cropped-Harmonikaklub_Logo-300x300.jpg\" alt=\"\" width=\"300\" height=\"300\" srcset=\"https:\/\/herningharmonikaklub.dk\/wp-content\/uploads\/2016\/04\/cropped-cropped-Harmonikaklub_Logo-300x300.jpg 300w, https:\/\/herningharmonikaklub.dk\/wp-content\/uploads\/2016\/04\/cropped-cropped-Harmonikaklub_Logo-150x150.jpg 150w, https:\/\/herningharmonikaklub.dk\/wp-content\/uploads\/2016\/04\/cropped-cropped-Harmonikaklub_Logo-270x270.jpg 270w, https:\/\/herningharmonikaklub.dk\/wp-content\/uploads\/2016\/04\/cropped-cropped-Harmonikaklub_Logo-192x192.jpg 192w, https:\/\/herningharmonikaklub.dk\/wp-content\/uploads\/2016\/04\/cropped-cropped-Harmonikaklub_Logo-180x180.jpg 180w, https:\/\/herningharmonikaklub.dk\/wp-content\/uploads\/2016\/04\/cropped-cropped-Harmonikaklub_Logo-32x32.jpg 32w, https:\/\/herningharmonikaklub.dk\/wp-content\/uploads\/2016\/04\/cropped-cropped-Harmonikaklub_Logo.jpg 512w\" sizes=\"(max-width: 300px) 100vw, 300px\" \/><\/p>\n<p>Herning Harmonikaklub er en forening med glade amat\u00f8rer, der har harmonika musiken og instrumentet som f\u00e6lles hobby.<\/p>\n<p>\u00d8nsker du yderligere informationer omkring klubben er du velkommen til at kontakte formand Kjeld Christensen. Han kan tr\u00e6ffes enten via mail:\u00a0 bogkhvede5@gmail.com, eller p\u00e5 tlf. 24213990.<\/p>\n","protected":false},"excerpt":{"rendered":"<p>Herning Harmonikaklub er en forening med glade amat\u00f8rer, der har harmonika musiken og instrumentet som f\u00e6lles hobby. \u00d8nsker du yderligere informationer omkring klubben er du velkommen til at kontakte formand Kjeld Christensen. Han kan tr\u00e6ffes enten via mail:\u00a0 bogkhvede5@gmail.com, eller p\u00e5 tlf. 24213990.<\/p>\n","protected":false},"author":1,"featured_media":0,"parent":0,"menu_order":0,"comment_status":"closed","ping_status":"closed","template":"","meta":[],"_links":{"self":[{"href":"https:\/\/herningharmonikaklub.dk\/index.php?rest_route=\/wp\/v2\/pages\/2"}],"collection":[{"href":"https:\/\/herningharmonikaklub.dk\/index.php?rest_route=\/wp\/v2\/pages"}],"about":[{"href":"https:\/\/herningharmonikaklub.dk\/index.php?rest_route=\/wp\/v2\/types\/page"}],"author":[{"embeddable":true,"href":"https:\/\/herningharmonikaklub.dk\/index.php?rest_route=\/wp\/v2\/users\/1"}],"replies":[{"embeddable":true,"href":"https:\/\/herningharmonikaklub.dk\/index.php?rest_route=%2Fwp%2Fv2%2Fcomments&post=2"}],"version-history":[{"count":6,"href":"https:\/\/herningharmonikaklub.dk\/index.php?rest_route=\/wp\/v2\/pages\/2\/revisions"}],"predecessor-version":[{"id":332,"href":"https:\/\/herningharmonikaklub.dk\/index.php?rest_route=\/wp\/v2\/pages\/2\/revisions\/332"}],"wp:attachment":[{"href":"https:\/\/herningharmonikaklub.dk\/index.php?rest_route=%2Fwp%2Fv2%2Fmedia&parent=2"}],"curies":[{"name":"wp","href":"https:\/\/api.w.org\/{rel}","templated":true}]}}