{"id":40,"date":"2017-02-05T20:00:00","date_gmt":"2017-02-05T20:00:00","guid":{"rendered":"http:\/\/herningharmonikaklub.dk\/?page_id=40"},"modified":"2022-01-03T11:16:16","modified_gmt":"2022-01-03T11:16:16","slug":"aktiviteter","status":"publish","type":"page","link":"https:\/\/herningharmonikaklub.dk\/?page_id=40","title":{"rendered":"Aktiviteter"},"content":{"rendered":"<ul>\n<li>\u00d8ve aften hver mandag Kl.19 p\u00e5 Engbjergskolen, Engbjerg 21 Snejbjerg &#8211; 7400 Herning<\/li>\n<li>\u00a0<\/li>\n<li>10 Januar 2022 F\u00f8rste \u00f8ve aften efter nyt\u00e5r<\/li>\n<li>24 Marts kl. 18 Beck&#8217;s hotel (Udsat fra 20\/1)<\/li>\n<\/ul>\n\n\n<figure class=\"wp-block-image\"><img alt=\"\"\/><\/figure>\n","protected":false},"excerpt":{"rendered":"<p>\u00d8ve aften hver mandag Kl.19 p\u00e5 Engbjergskolen, Engbjerg 21 Snejbjerg &#8211; 7400 Herning \u00a0 10 Januar 2022 F\u00f8rste \u00f8ve aften efter nyt\u00e5r 24 Marts kl. 18 Beck&#8217;s hotel (Udsat fra 20\/1)<\/p>\n","protected":false},"author":1,"featured_media":0,"parent":0,"menu_order":1,"comment_status":"closed","ping_status":"closed","template":"","meta":[],"_links":{"self":[{"href":"https:\/\/herningharmonikaklub.dk\/index.php?rest_route=\/wp\/v2\/pages\/40"}],"collection":[{"href":"https:\/\/herningharmonikaklub.dk\/index.php?rest_route=\/wp\/v2\/pages"}],"about":[{"href":"https:\/\/herningharmonikaklub.dk\/index.php?rest_route=\/wp\/v2\/types\/page"}],"author":[{"embeddable":true,"href":"https:\/\/herningharmonikaklub.dk\/index.php?rest_route=\/wp\/v2\/users\/1"}],"replies":[{"embeddable":true,"href":"https:\/\/herningharmonikaklub.dk\/index.php?rest_route=%2Fwp%2Fv2%2Fcomments&post=40"}],"version-history":[{"count":40,"href":"https:\/\/herningharmonikaklub.dk\/index.php?rest_route=\/wp\/v2\/pages\/40\/revisions"}],"predecessor-version":[{"id":338,"href":"https:\/\/herningharmonikaklub.dk\/index.php?rest_route=\/wp\/v2\/pages\/40\/revisions\/338"}],"wp:attachment":[{"href":"https:\/\/herningharmonikaklub.dk\/index.php?rest_route=%2Fwp%2Fv2%2Fmedia&parent=40"}],"curies":[{"name":"wp","href":"https:\/\/api.w.org\/{rel}","templated":true}]}}